{"id":4910,"date":"2026-03-13T20:23:20","date_gmt":"2026-03-13T20:23:20","guid":{"rendered":"https:\/\/nuveo.cloud\/\/?page_id=4910"},"modified":"2026-03-20T22:00:28","modified_gmt":"2026-03-20T22:00:28","slug":"politica-de-calidad","status":"publish","type":"page","link":"https:\/\/nuveo.cloud\/en\/politica-de-calidad\/","title":{"rendered":"Pol\u00edtica de calidad"},"content":{"rendered":"<div data-elementor-type=\"wp-page\" data-elementor-id=\"4910\" class=\"elementor elementor-4910\" data-elementor-post-type=\"page\">\n\t\t\t\t<div class=\"elementor-element elementor-element-714a83f e-flex e-con-boxed e-con e-parent\" data-id=\"714a83f\" data-element_type=\"container\" data-e-type=\"container\">\n\t\t\t\t\t<div class=\"e-con-inner\">\n\t\t\t\t\t<\/div>\n\t\t\t\t<\/div>\n\t\t<div class=\"elementor-element elementor-element-a55a871 e-flex e-con-boxed e-con e-parent\" data-id=\"a55a871\" data-element_type=\"container\" data-e-type=\"container\">\n\t\t\t\t\t<div class=\"e-con-inner\">\n\t\t\t\t<div class=\"elementor-element elementor-element-945391e elementor-widget elementor-widget-text-editor\" data-id=\"945391e\" data-element_type=\"widget\" data-e-type=\"widget\" data-widget_type=\"text-editor.default\">\n\t\t\t\t\t\t\t\t\t<h3 class=\"title\">Pol\u00edtica de calidad<\/h3><p><strong>ElServer S.A<\/strong> es una empresa dedicada a la comercializaci\u00f3n, soporte t\u00e9cnico remoto y gesti\u00f3n de la atenci\u00f3n al cliente en soluciones de infraestructura tecnol\u00f3gica f\u00edsica y virtual, con especializaci\u00f3n en servicios en la nube. Dise\u00f1amos y desarrollamos un software orientado a la integraci\u00f3n de servicios de alojamiento web, aportando soluciones escalables, seguras y adaptadas a los desaf\u00edos de cada negocio.<\/p><p>Llevamos adelante nuestros proyectos con dedicaci\u00f3n y responsabilidad, generando v\u00ednculos de confianza con quienes nos eligen para implementar la mejor soluci\u00f3n para su crecimiento. Trabajamos con una fuerte orientaci\u00f3n al cliente, impulsando experiencias \u00e1giles, cercanas y con alto valor agregado.<br \/>Creemos en el poder de la tecnolog\u00eda como motor de transformaci\u00f3n, y en la colaboraci\u00f3n como eje para construir resultados sostenibles. Por eso, cada interacci\u00f3n, cada soluci\u00f3n y cada mejora que desarrollamos est\u00e1 pensada para potenciar el presente y futuro digital de nuestros clientes.<\/p><h3><strong>NUESTRO PROP\u00d3SITO:<\/strong><\/h3><p><strong>CREAMOS EXPERIENCIAS CLOUD:<\/strong> Cada soluci\u00f3n, servicio e interacci\u00f3n est\u00e1 pensada para ofrecer una experiencia \u00fanica, sin fricciones y alineada con el \u00e9xito de los negocios digitales. No solo brindamos tecnolog\u00eda: dise\u00f1amos un ecosistema estable, seguro y escalable que potencia cada proyecto en la nube. Desde el primer contacto hasta el soporte continuo, nos enfocamos en combinar innovaci\u00f3n, simplicidad y cercan\u00eda para marcar la diferencia en cada paso.<\/p><h4>VISI\u00d3N:<\/h4><p><strong>SER L\u00cdDERES REGIONALES EN INFRAESTRUCTURA CLOUD:<\/strong> Impulsamos marcas de alto rendimiento, transformando proveedores de hosting y VPS en referentes tecnol\u00f3gicos. Apuntamos a ser la opci\u00f3n elegida por las PyMEs de Latinoam\u00e9rica, con soluciones escalables,seguras y eficientes que potencian negocios digitales.<\/p><h4>MISI\u00d3N:<\/h4><p><strong>CREAR EXPERIENCIAS \u00daNICAS EN INFRAESTRUCTURA DIGITAL:<\/strong> Ofrecemos servicios \u00e1giles, confiables y escalables que transforman la gesti\u00f3n tecnol\u00f3gica de empresas y emprendedores. Con innovaci\u00f3n, soporte experto y alto rendimiento, buscamos que cada interacci\u00f3n sea una experiencia WOW que impulse el crecimiento digital.<\/p><h4>VALORES:<\/h4><p><strong>\u2022 Innovaci\u00f3n continua<\/strong><br \/>Evolucionamos constantemente para ofrecer soluciones seguras, eficientes y alineadas a las nuevas tendencias tecnol\u00f3gicas.<br \/><strong>\u2022 Experiencias \u00fanicas<\/strong><br \/>Cada interacci\u00f3n busca superar expectativas y generar un v\u00ednculo de valor con cada cliente.<br \/><strong>\u2022 Humildad y cercan\u00eda<\/strong><br \/>Escuchamos activamente para aprender, mejorar y crecer junto a quienes conf\u00edan en nosotros.<br \/><strong>\u2022 Eficiencia operativa<\/strong><br \/>Optimizamos nuestros procesos para brindar servicios r\u00e1pidos, estables y de alta calidad.<br \/><strong>\u2022 Creatividad en soluciones<\/strong><br \/>Resolvemos desaf\u00edos con enfoques innovadores, flexibles y centrados en el cliente.<br \/><strong>\u2022 Pasi\u00f3n por la tecnolog\u00eda<\/strong><br \/>Nos mueve la excelencia en cada desarrollo, implementaci\u00f3n y soporte t\u00e9cnico.<br \/><strong>\u2022 Compromiso con el \u00e9xito del cliente<\/strong><br \/>Acompa\u00f1amos cada proyecto con foco en resultados reales y crecimiento sostenible.<br \/><strong>\u2022 Trabajo en equipo y colaboraci\u00f3n<\/strong><br \/>Fomentamos relaciones basadas en la confianza, la cooperaci\u00f3n y el respeto mutuo.<br \/><strong>\u2022 Adaptabilidad y evoluci\u00f3n<\/strong><br \/>Nos transformamos para anticiparnos y responder a los cambios del entorno digital.<br \/><strong>\u2022 Integridad y transparencia<\/strong><br \/>Actuamos con \u00e9tica y coherencia, construyendo credibilidad en cada paso.<\/p><p>Con el objetivo de alinear a la organizaci\u00f3n al cumplimiento de las directrices detalladas anteriormente, la direcci\u00f3n se compromete a asignar los recursos necesarios para la implementaci\u00f3n, mantenimiento y mejora continua de la eficacia del presente Sistema de Gesti\u00f3n Calidad y al cumplimiento de los requisitos legales aplicables a la actividad. La satisfacci\u00f3n del cliente y partes interesadas la mejora continua debe y deber\u00e1 ser un desaf\u00edo constante de todos los colaboradores de la organizaci\u00f3n.<\/p><p style=\"text-align: right;\"><strong>Nicol\u00e1s M. Chiarini \u2013 CEO<\/strong><br \/>DIRECCI\u00d3N \u2013 Julio 2025<\/p>\t\t\t\t\t\t\t\t<\/div>\n\t\t\t\t\t<\/div>\n\t\t\t\t<\/div>\n\t\t\t\t<\/div>","protected":false},"excerpt":{"rendered":"<p>Pol\u00edtica de calidad ElServer S.A es una empresa dedicada a la comercializaci\u00f3n, soporte t\u00e9cnico remoto y gesti\u00f3n de la atenci\u00f3n al cliente en soluciones de infraestructura tecnol\u00f3gica f\u00edsica y virtual, con especializaci\u00f3n en servicios en la nube. Dise\u00f1amos y desarrollamos un software orientado a la integraci\u00f3n de servicios de alojamiento web, aportando soluciones escalables, seguras [&hellip;]<\/p>\n","protected":false},"author":1,"featured_media":5171,"parent":0,"menu_order":0,"comment_status":"closed","ping_status":"closed","template":"elementor_header_footer","meta":{"_eb_attr":"","inline_featured_image":false,"footnotes":""},"class_list":["post-4910","page","type-page","status-publish","has-post-thumbnail","hentry"],"yoast_head":"<!-- This site is optimized with the Yoast SEO plugin v27.5 - https:\/\/yoast.com\/product\/yoast-seo-wordpress\/ -->\n<title>Pol\u00edtica de calidad - Nuveo<\/title>\n<meta name=\"robots\" content=\"noindex, nofollow\" \/>\n<meta property=\"og:locale\" content=\"en_US\" \/>\n<meta property=\"og:type\" content=\"article\" \/>\n<meta property=\"og:title\" content=\"Pol\u00edtica de calidad - Nuveo\" \/>\n<meta property=\"og:description\" content=\"Pol\u00edtica de calidad ElServer S.A es una empresa dedicada a la comercializaci\u00f3n, soporte t\u00e9cnico remoto y gesti\u00f3n de la atenci\u00f3n al cliente en soluciones de infraestructura tecnol\u00f3gica f\u00edsica y virtual, con especializaci\u00f3n en servicios en la nube. Dise\u00f1amos y desarrollamos un software orientado a la integraci\u00f3n de servicios de alojamiento web, aportando soluciones escalables, seguras [&hellip;]\" \/>\n<meta property=\"og:url\" content=\"https:\/\/nuveo.cloud\/en\/politica-de-calidad\/\" \/>\n<meta property=\"og:site_name\" content=\"Nuveo\" \/>\n<meta property=\"article:publisher\" content=\"https:\/\/www.facebook.com\/nuveocloud\" \/>\n<meta property=\"article:modified_time\" content=\"2026-03-20T22:00:28+00:00\" \/>\n<meta property=\"og:image\" content=\"https:\/\/nuveo.cloud\/wp-content\/uploads\/2026\/03\/Home.webp\" \/>\n\t<meta property=\"og:image:width\" content=\"1400\" \/>\n\t<meta property=\"og:image:height\" content=\"1400\" \/>\n\t<meta property=\"og:image:type\" content=\"image\/webp\" \/>\n<meta name=\"twitter:label1\" content=\"Est. reading time\" \/>\n\t<meta name=\"twitter:data1\" content=\"3 minutes\" \/>\n<script type=\"application\/ld+json\" class=\"yoast-schema-graph\">{\"@context\":\"https:\\\/\\\/schema.org\",\"@graph\":[{\"@type\":\"WebPage\",\"@id\":\"https:\\\/\\\/nuveo.cloud\\\/politica-de-calidad\\\/\",\"url\":\"https:\\\/\\\/nuveo.cloud\\\/politica-de-calidad\\\/\",\"name\":\"Pol\u00edtica de calidad - Nuveo\",\"isPartOf\":{\"@id\":\"https:\\\/\\\/nuveo.cloud\\\/#website\"},\"primaryImageOfPage\":{\"@id\":\"https:\\\/\\\/nuveo.cloud\\\/politica-de-calidad\\\/#primaryimage\"},\"image\":{\"@id\":\"https:\\\/\\\/nuveo.cloud\\\/politica-de-calidad\\\/#primaryimage\"},\"thumbnailUrl\":\"https:\\\/\\\/nuveo.cloud\\\/wp-content\\\/uploads\\\/2026\\\/03\\\/Home.webp\",\"datePublished\":\"2026-03-13T20:23:20+00:00\",\"dateModified\":\"2026-03-20T22:00:28+00:00\",\"breadcrumb\":{\"@id\":\"https:\\\/\\\/nuveo.cloud\\\/politica-de-calidad\\\/#breadcrumb\"},\"inLanguage\":\"en-US\",\"potentialAction\":[{\"@type\":\"ReadAction\",\"target\":[\"https:\\\/\\\/nuveo.cloud\\\/politica-de-calidad\\\/\"]}]},{\"@type\":\"ImageObject\",\"inLanguage\":\"en-US\",\"@id\":\"https:\\\/\\\/nuveo.cloud\\\/politica-de-calidad\\\/#primaryimage\",\"url\":\"https:\\\/\\\/nuveo.cloud\\\/wp-content\\\/uploads\\\/2026\\\/03\\\/Home.webp\",\"contentUrl\":\"https:\\\/\\\/nuveo.cloud\\\/wp-content\\\/uploads\\\/2026\\\/03\\\/Home.webp\",\"width\":1400,\"height\":1400,\"caption\":\"Nuveo Cloud logo\"},{\"@type\":\"BreadcrumbList\",\"@id\":\"https:\\\/\\\/nuveo.cloud\\\/politica-de-calidad\\\/#breadcrumb\",\"itemListElement\":[{\"@type\":\"ListItem\",\"position\":1,\"name\":\"Home\",\"item\":\"https:\\\/\\\/nuveo.cloud\\\/\"},{\"@type\":\"ListItem\",\"position\":2,\"name\":\"Pol\u00edtica de calidad\"}]},{\"@type\":\"WebSite\",\"@id\":\"https:\\\/\\\/nuveo.cloud\\\/#website\",\"url\":\"https:\\\/\\\/nuveo.cloud\\\/\",\"name\":\"Nuveo Cloud\",\"description\":\"Innovaci\u00f3n en la nube, evoluci\u00f3n para tu negocio.\",\"publisher\":{\"@id\":\"https:\\\/\\\/nuveo.cloud\\\/#organization\"},\"alternateName\":\"Nuveo\",\"potentialAction\":[{\"@type\":\"SearchAction\",\"target\":{\"@type\":\"EntryPoint\",\"urlTemplate\":\"https:\\\/\\\/nuveo.cloud\\\/?s={search_term_string}\"},\"query-input\":{\"@type\":\"PropertyValueSpecification\",\"valueRequired\":true,\"valueName\":\"search_term_string\"}}],\"inLanguage\":\"en-US\"},{\"@type\":\"Organization\",\"@id\":\"https:\\\/\\\/nuveo.cloud\\\/#organization\",\"name\":\"Nuveo.Cloud\",\"url\":\"https:\\\/\\\/nuveo.cloud\\\/\",\"logo\":{\"@type\":\"ImageObject\",\"inLanguage\":\"en-US\",\"@id\":\"https:\\\/\\\/nuveo.cloud\\\/#\\\/schema\\\/logo\\\/image\\\/\",\"url\":\"https:\\\/\\\/nuveo.cloud\\\/wp-content\\\/uploads\\\/2026\\\/03\\\/Home.webp\",\"contentUrl\":\"https:\\\/\\\/nuveo.cloud\\\/wp-content\\\/uploads\\\/2026\\\/03\\\/Home.webp\",\"width\":1400,\"height\":1400,\"caption\":\"Nuveo.Cloud\"},\"image\":{\"@id\":\"https:\\\/\\\/nuveo.cloud\\\/#\\\/schema\\\/logo\\\/image\\\/\"},\"sameAs\":[\"https:\\\/\\\/www.facebook.com\\\/nuveocloud\",\"https:\\\/\\\/www.youtube.com\\\/@NuveoCloud\",\"https:\\\/\\\/www.instagram.com\\\/nuveo.cloud\\\/\",\"https:\\\/\\\/www.linkedin.com\\\/company\\\/nuveocloud\"]}]}<\/script>\n<!-- \/ Yoast SEO plugin. -->","yoast_head_json":{"title":"Pol\u00edtica de calidad - Nuveo","robots":{"index":"noindex","follow":"nofollow"},"og_locale":"en_US","og_type":"article","og_title":"Pol\u00edtica de calidad - Nuveo","og_description":"Pol\u00edtica de calidad ElServer S.A es una empresa dedicada a la comercializaci\u00f3n, soporte t\u00e9cnico remoto y gesti\u00f3n de la atenci\u00f3n al cliente en soluciones de infraestructura tecnol\u00f3gica f\u00edsica y virtual, con especializaci\u00f3n en servicios en la nube. Dise\u00f1amos y desarrollamos un software orientado a la integraci\u00f3n de servicios de alojamiento web, aportando soluciones escalables, seguras [&hellip;]","og_url":"https:\/\/nuveo.cloud\/en\/politica-de-calidad\/","og_site_name":"Nuveo","article_publisher":"https:\/\/www.facebook.com\/nuveocloud","article_modified_time":"2026-03-20T22:00:28+00:00","og_image":[{"width":1400,"height":1400,"url":"https:\/\/nuveo.cloud\/wp-content\/uploads\/2026\/03\/Home.webp","type":"image\/webp"}],"twitter_misc":{"Est. reading time":"3 minutes"},"schema":{"@context":"https:\/\/schema.org","@graph":[{"@type":"WebPage","@id":"https:\/\/nuveo.cloud\/politica-de-calidad\/","url":"https:\/\/nuveo.cloud\/politica-de-calidad\/","name":"Pol\u00edtica de calidad - Nuveo","isPartOf":{"@id":"https:\/\/nuveo.cloud\/#website"},"primaryImageOfPage":{"@id":"https:\/\/nuveo.cloud\/politica-de-calidad\/#primaryimage"},"image":{"@id":"https:\/\/nuveo.cloud\/politica-de-calidad\/#primaryimage"},"thumbnailUrl":"https:\/\/nuveo.cloud\/wp-content\/uploads\/2026\/03\/Home.webp","datePublished":"2026-03-13T20:23:20+00:00","dateModified":"2026-03-20T22:00:28+00:00","breadcrumb":{"@id":"https:\/\/nuveo.cloud\/politica-de-calidad\/#breadcrumb"},"inLanguage":"en-US","potentialAction":[{"@type":"ReadAction","target":["https:\/\/nuveo.cloud\/politica-de-calidad\/"]}]},{"@type":"ImageObject","inLanguage":"en-US","@id":"https:\/\/nuveo.cloud\/politica-de-calidad\/#primaryimage","url":"https:\/\/nuveo.cloud\/wp-content\/uploads\/2026\/03\/Home.webp","contentUrl":"https:\/\/nuveo.cloud\/wp-content\/uploads\/2026\/03\/Home.webp","width":1400,"height":1400,"caption":"Nuveo Cloud logo"},{"@type":"BreadcrumbList","@id":"https:\/\/nuveo.cloud\/politica-de-calidad\/#breadcrumb","itemListElement":[{"@type":"ListItem","position":1,"name":"Home","item":"https:\/\/nuveo.cloud\/"},{"@type":"ListItem","position":2,"name":"Pol\u00edtica de calidad"}]},{"@type":"WebSite","@id":"https:\/\/nuveo.cloud\/#website","url":"https:\/\/nuveo.cloud\/","name":"Nuveo Cloud","description":"Innovaci\u00f3n en la nube, evoluci\u00f3n para tu negocio.","publisher":{"@id":"https:\/\/nuveo.cloud\/#organization"},"alternateName":"Nuveo","potentialAction":[{"@type":"SearchAction","target":{"@type":"EntryPoint","urlTemplate":"https:\/\/nuveo.cloud\/?s={search_term_string}"},"query-input":{"@type":"PropertyValueSpecification","valueRequired":true,"valueName":"search_term_string"}}],"inLanguage":"en-US"},{"@type":"Organization","@id":"https:\/\/nuveo.cloud\/#organization","name":"Nuveo.Cloud","url":"https:\/\/nuveo.cloud\/","logo":{"@type":"ImageObject","inLanguage":"en-US","@id":"https:\/\/nuveo.cloud\/#\/schema\/logo\/image\/","url":"https:\/\/nuveo.cloud\/wp-content\/uploads\/2026\/03\/Home.webp","contentUrl":"https:\/\/nuveo.cloud\/wp-content\/uploads\/2026\/03\/Home.webp","width":1400,"height":1400,"caption":"Nuveo.Cloud"},"image":{"@id":"https:\/\/nuveo.cloud\/#\/schema\/logo\/image\/"},"sameAs":["https:\/\/www.facebook.com\/nuveocloud","https:\/\/www.youtube.com\/@NuveoCloud","https:\/\/www.instagram.com\/nuveo.cloud\/","https:\/\/www.linkedin.com\/company\/nuveocloud"]}]}},"_links":{"self":[{"href":"https:\/\/nuveo.cloud\/en\/wp-json\/wp\/v2\/pages\/4910","targetHints":{"allow":["GET"]}}],"collection":[{"href":"https:\/\/nuveo.cloud\/en\/wp-json\/wp\/v2\/pages"}],"about":[{"href":"https:\/\/nuveo.cloud\/en\/wp-json\/wp\/v2\/types\/page"}],"author":[{"embeddable":true,"href":"https:\/\/nuveo.cloud\/en\/wp-json\/wp\/v2\/users\/1"}],"replies":[{"embeddable":true,"href":"https:\/\/nuveo.cloud\/en\/wp-json\/wp\/v2\/comments?post=4910"}],"version-history":[{"count":0,"href":"https:\/\/nuveo.cloud\/en\/wp-json\/wp\/v2\/pages\/4910\/revisions"}],"wp:featuredmedia":[{"embeddable":true,"href":"https:\/\/nuveo.cloud\/en\/wp-json\/wp\/v2\/media\/5171"}],"wp:attachment":[{"href":"https:\/\/nuveo.cloud\/en\/wp-json\/wp\/v2\/media?parent=4910"}],"curies":[{"name":"wp","href":"https:\/\/api.w.org\/{rel}","templated":true}]}}